{"id":6663,"date":"2023-06-13T16:58:31","date_gmt":"2023-06-13T16:58:31","guid":{"rendered":"https:\/\/staging.experiencematha.ca\/conditions-dutilisation-et-politique-de-vie-privee\/"},"modified":"2023-09-19T17:59:06","modified_gmt":"2023-09-19T17:59:06","slug":"terms-of-use","status":"publish","type":"page","link":"https:\/\/staging.experiencematha.ca\/en\/terms-of-use\/","title":{"rendered":"Terms of use"},"content":{"rendered":"\t\t<div data-elementor-type=\"wp-page\" data-elementor-id=\"6663\" class=\"elementor elementor-6663 elementor-6657\" data-elementor-post-type=\"page\">\n\t\t\t\t\t\t<section class=\"elementor-section elementor-top-section elementor-element elementor-element-0e7e273 elementor-section-full_width elementor-section-height-default elementor-section-height-default\" data-id=\"0e7e273\" data-element_type=\"section\" data-settings=\"{&quot;background_background&quot;:&quot;classic&quot;,&quot;background_motion_fx_motion_fx_scrolling&quot;:&quot;yes&quot;,&quot;background_motion_fx_translateY_effect&quot;:&quot;yes&quot;,&quot;background_motion_fx_translateY_speed&quot;:{&quot;unit&quot;:&quot;px&quot;,&quot;size&quot;:4,&quot;sizes&quot;:[]},&quot;background_motion_fx_translateY_affectedRange&quot;:{&quot;unit&quot;:&quot;%&quot;,&quot;size&quot;:&quot;&quot;,&quot;sizes&quot;:{&quot;start&quot;:0,&quot;end&quot;:100}},&quot;background_motion_fx_devices&quot;:[&quot;desktop&quot;,&quot;tablet&quot;,&quot;mobile&quot;]}\">\n\t\t\t\t\t\t<div class=\"elementor-container elementor-column-gap-default\">\n\t\t\t\t\t<div class=\"elementor-column elementor-col-100 elementor-top-column elementor-element elementor-element-ee2627a\" data-id=\"ee2627a\" data-element_type=\"column\">\n\t\t\t<div class=\"elementor-widget-wrap elementor-element-populated\">\n\t\t\t\t\t\t<div class=\"elementor-element elementor-element-44cb9d4 elementor-widget elementor-widget-spacer\" data-id=\"44cb9d4\" data-element_type=\"widget\" data-widget_type=\"spacer.default\">\n\t\t\t\t<div class=\"elementor-widget-container\">\n\t\t\t<style>\/*! elementor - v3.21.0 - 25-04-2024 *\/\n.elementor-column .elementor-spacer-inner{height:var(--spacer-size)}.e-con{--container-widget-width:100%}.e-con-inner>.elementor-widget-spacer,.e-con>.elementor-widget-spacer{width:var(--container-widget-width,var(--spacer-size));--align-self:var(--container-widget-align-self,initial);--flex-shrink:0}.e-con-inner>.elementor-widget-spacer>.elementor-widget-container,.e-con>.elementor-widget-spacer>.elementor-widget-container{height:100%;width:100%}.e-con-inner>.elementor-widget-spacer>.elementor-widget-container>.elementor-spacer,.e-con>.elementor-widget-spacer>.elementor-widget-container>.elementor-spacer{height:100%}.e-con-inner>.elementor-widget-spacer>.elementor-widget-container>.elementor-spacer>.elementor-spacer-inner,.e-con>.elementor-widget-spacer>.elementor-widget-container>.elementor-spacer>.elementor-spacer-inner{height:var(--container-widget-height,var(--spacer-size))}.e-con-inner>.elementor-widget-spacer.elementor-widget-empty,.e-con>.elementor-widget-spacer.elementor-widget-empty{position:relative;min-height:22px;min-width:22px}.e-con-inner>.elementor-widget-spacer.elementor-widget-empty .elementor-widget-empty-icon,.e-con>.elementor-widget-spacer.elementor-widget-empty .elementor-widget-empty-icon{position:absolute;top:0;bottom:0;left:0;right:0;margin:auto;padding:0;width:22px;height:22px}<\/style>\t\t<div class=\"elementor-spacer\">\n\t\t\t<div class=\"elementor-spacer-inner\"><\/div>\n\t\t<\/div>\n\t\t\t\t<\/div>\n\t\t\t\t<\/div>\n\t\t\t\t\t<\/div>\n\t\t<\/div>\n\t\t\t\t\t<\/div>\n\t\t<\/section>\n\t\t\t\t<section class=\"elementor-section elementor-top-section elementor-element elementor-element-542e999 elementor-section-boxed elementor-section-height-default elementor-section-height-default\" data-id=\"542e999\" data-element_type=\"section\">\n\t\t\t\t\t\t<div class=\"elementor-container elementor-column-gap-default\">\n\t\t\t\t\t<div class=\"elementor-column elementor-col-100 elementor-top-column elementor-element elementor-element-cddaf14\" data-id=\"cddaf14\" data-element_type=\"column\">\n\t\t\t<div class=\"elementor-widget-wrap elementor-element-populated\">\n\t\t\t\t\t\t<div class=\"elementor-element elementor-element-9dc9aa0 elementor-widget elementor-widget-heading\" data-id=\"9dc9aa0\" data-element_type=\"widget\" data-widget_type=\"heading.default\">\n\t\t\t\t<div class=\"elementor-widget-container\">\n\t\t\t<style>\/*! elementor - v3.21.0 - 25-04-2024 *\/\n.elementor-heading-title{padding:0;margin:0;line-height:1}.elementor-widget-heading .elementor-heading-title[class*=elementor-size-]>a{color:inherit;font-size:inherit;line-height:inherit}.elementor-widget-heading .elementor-heading-title.elementor-size-small{font-size:15px}.elementor-widget-heading .elementor-heading-title.elementor-size-medium{font-size:19px}.elementor-widget-heading .elementor-heading-title.elementor-size-large{font-size:29px}.elementor-widget-heading .elementor-heading-title.elementor-size-xl{font-size:39px}.elementor-widget-heading .elementor-heading-title.elementor-size-xxl{font-size:59px}<\/style><h1 class=\"elementor-heading-title elementor-size-default\">Terms of use<\/h1>\t\t<\/div>\n\t\t\t\t<\/div>\n\t\t\t\t\t<\/div>\n\t\t<\/div>\n\t\t\t\t\t<\/div>\n\t\t<\/section>\n\t\t\t\t<section class=\"elementor-section elementor-top-section elementor-element elementor-element-e1f16ff elementor-section-boxed elementor-section-height-default elementor-section-height-default\" data-id=\"e1f16ff\" data-element_type=\"section\">\n\t\t\t\t\t\t<div class=\"elementor-container elementor-column-gap-default\">\n\t\t\t\t\t<div class=\"elementor-column elementor-col-100 elementor-top-column elementor-element elementor-element-131ac98\" data-id=\"131ac98\" data-element_type=\"column\">\n\t\t\t<div class=\"elementor-widget-wrap elementor-element-populated\">\n\t\t\t\t\t\t<div class=\"elementor-element elementor-element-debcdca elementor-widget elementor-widget-text-editor\" data-id=\"debcdca\" data-element_type=\"widget\" data-widget_type=\"text-editor.default\">\n\t\t\t\t<div class=\"elementor-widget-container\">\n\t\t\t<style>\/*! elementor - v3.21.0 - 25-04-2024 *\/\n.elementor-widget-text-editor.elementor-drop-cap-view-stacked .elementor-drop-cap{background-color:#69727d;color:#fff}.elementor-widget-text-editor.elementor-drop-cap-view-framed .elementor-drop-cap{color:#69727d;border:3px solid;background-color:transparent}.elementor-widget-text-editor:not(.elementor-drop-cap-view-default) .elementor-drop-cap{margin-top:8px}.elementor-widget-text-editor:not(.elementor-drop-cap-view-default) .elementor-drop-cap-letter{width:1em;height:1em}.elementor-widget-text-editor .elementor-drop-cap{float:left;text-align:center;line-height:1;font-size:50px}.elementor-widget-text-editor .elementor-drop-cap-letter{display:inline-block}<\/style>\t\t\t\t<h4><strong>Derni\u00e8re mise \u00e0 jour le 13 juin 2023<\/strong><\/h4><p>Bienvenue sur le site web d&#8217;EXP\u00c9RIENCE MATHA. Les pr\u00e9sentes conditions d\u2019utilisation constituent une entente l\u00e9gale entre vous et EXP\u00c9RIENCE MATHA relativement \u00e0 l\u2019acc\u00e8s et \u00e0 l\u2019utilisation du Site web. Veuillez lire les conditions d\u2019utilisation attentivement avant de naviguer sur le Site web.<\/p><h3><strong>Acceptation<\/strong><\/h3><p>Lorsque vous naviguez sur le Site web, vous acceptez d\u2019\u00eatre li\u00e9 par les conditions d\u2019utilisation. Si vous ne souhaitez pas accepter les conditions d\u2019utilisation, veuillez cesser toute utilisation du Site web. De plus, les pr\u00e9sentes conditions d\u2019utilisation peuvent \u00eatre modifi\u00e9es en tout temps par EXP\u00c9RIENCE MATHA \u00e0 son enti\u00e8re discr\u00e9tion.<\/p><h3><strong>Propri\u00e9t\u00e9 intellectuelle<\/strong><\/h3><p>Le pr\u00e9sent Site web ainsi que tous les logos, textes, graphiques, images, vid\u00e9o et tous les agencements des divers \u00e9l\u00e9ments sont la propri\u00e9t\u00e9 de EXP\u00c9RIENCE MATHA et sont prot\u00e9g\u00e9s en vertu de la l\u00e9gislation et la r\u00e9glementation applicable en mati\u00e8re de propri\u00e9t\u00e9 intellectuelle et de protection des droits d\u2019auteurs au Canada. Le contenu du pr\u00e9sent Site web ne peut \u00eatre, en partie ou en totalit\u00e9, copi\u00e9, reproduit, imprim\u00e9, archiv\u00e9, r\u00e9\u00e9dit\u00e9, t\u00e9l\u00e9charg\u00e9, affich\u00e9, vendu, transf\u00e9r\u00e9, transmis, modifi\u00e9 ou autrement diffus\u00e9 sur format papier ou sur tout autre format connu ou \u00e0 venir, \u00e9lectronique ou autre, sans le consentement \u00e9crit pr\u00e9alable de EXP\u00c9RIENCE MATHA.<\/p><h3><strong>Exclusion de responsabilit\u00e9<\/strong><\/h3><p>EXP\u00c9RIENCE MATHA ne donne aucune garantie et ne fait aucune d\u00e9claration ou repr\u00e9sentation sur l\u2019exactitude de l\u2019information contenue sur le pr\u00e9sent Site web. Toute l\u2019information contenue sur le pr\u00e9sent Site web n\u2019est fournie \u00e0 l\u2019utilisateur sans garantie aucune. EXP\u00c9RIENCE MATHA et ses soci\u00e9t\u00e9s li\u00e9es ne pourront en aucun cas \u00eatre tenus responsables de tout dommage caus\u00e9 par l\u2019utilisateur du pr\u00e9sent Site web, \u00e0 son ordinateur ou \u00e0 ses donn\u00e9es ou de tout autre dommage, direct ou indirect, subi en raison en relation directe ou indirecte avec l\u2019utilisation du pr\u00e9sent Site web. L\u2019utilisation du pr\u00e9sent Site web est aux risques de l\u2019utilisateur.<\/p><h3><strong>Renseignements personnels<\/strong><\/h3><p>EXP\u00c9RIENCE MATHA ne recueille pas de renseignements personnels dans son Site web, sauf ceux fournis de plein gr\u00e9 par l\u2019utilisateur. Dans certaines circonstances, par exemple lors de l\u2019inscription \u00e0 la liste de diffusion, EXP\u00c9RIENCE MATHA requiert que vous remplissiez un formulaire avec votre nom, pr\u00e9nom, adresse de courriel. Par les pr\u00e9sentes, vous \u00eates explicitement averti que ces informations feront l\u2019objet d\u2019un traitement. Vous aurez toujours le choix de mettre fin \u00e0 votre abonnement \u00e0 la liste de diffusion. Toutefois, \u00e0 moins d\u2019un avis contraire, aucun renseignement personnel n\u2019est vendu, lou\u00e9, \u00e9chang\u00e9 ni transmis \u00e0 quiconque.<\/p><h3><strong>Utilisation de vos renseignements personnels \u00e0 des fins publicitaires<\/strong><\/h3><p>Le Site web utilise une technologie de t\u00e9moins (cookie). Cette technologie installe des informations sur l\u2019ordinateur de l\u2019utilisateur afin de le reconna\u00eetre lors de visites subs\u00e9quentes effectu\u00e9es \u00e0 partir de cet ordinateur. L&#8217;utilisateur peut en tout temps d\u00e9sactiver la technologie de t\u00e9moins dans les param\u00e8tres de son navigateur internet.<\/p><p>EXP\u00c9RIENCE MATHA utilise \u00e9galement cette technologie de t\u00e9moins dans le reciblage publicitaire via Google Ads; c&#8217;est-\u00e0-dire qu&#8217;EXP\u00c9RIENCE MATHA utilise ces t\u00e9moins afin de cr\u00e9er des listes d\u2019utilisateurs auxquels sont pr\u00e9sent\u00e9es des publicit\u00e9s lorsqu\u2019ils naviguent sur le r\u00e9seau publicitaire de Google, selon les pages qu\u2019ils ont visit\u00e9es ou les actions qu\u2019ils ont pos\u00e9es le Site web.<\/p><p>Mises \u00e0 contribution avec les technologies de ciblage, ces informations permettent \u00e9galement de cr\u00e9er des \u00ab types d\u2019audiences similaires \u00bb, c&#8217;est-\u00e0-dire des listes d\u2019utilisateurs qui pr\u00e9sentent le m\u00eame genre de comportement dans leur navigation sur le web, afin de leur pr\u00e9senter des messages publicitaires.<\/p><p>Les visiteurs qui souhaitent leur retrait de la liste de reciblage publicitaire d&#8217;EXP\u00c9RIENCE MATHA peuvent le faire en modifiant les param\u00e8tres de publicit\u00e9 de Google en acc\u00e9dant au Gestionnaire de pr\u00e9f\u00e9rences pour les annonces.<\/p><h3><strong>Personne responsable de la protection des renseignements personnels :<\/strong><\/h3><p>Jonathan Salvas,<br \/>Directeur G\u00e9n\u00e9ral<br \/>Club de golf et Super Glissades St-Jean-de-Matha<br \/>2650 route Louis-Cyr <br \/>Saint-Jean-de-Matha (Qu\u00e9bec) J0K 2S0<br \/>450 886-9321<\/p>\t\t\t\t\t\t<\/div>\n\t\t\t\t<\/div>\n\t\t\t\t\t<\/div>\n\t\t<\/div>\n\t\t\t\t\t<\/div>\n\t\t<\/section>\n\t\t\t\t<\/div>\n\t\t","protected":false},"excerpt":{"rendered":"<p>Terms of use Derni\u00e8re mise \u00e0 jour le 13 juin 2023 Bienvenue sur le site web d&#8217;EXP\u00c9RIENCE MATHA. Les pr\u00e9sentes conditions d\u2019utilisation constituent une entente l\u00e9gale entre vous et EXP\u00c9RIENCE MATHA relativement \u00e0 l\u2019acc\u00e8s et \u00e0 l\u2019utilisation du Site web. Veuillez lire les conditions d\u2019utilisation attentivement avant de naviguer sur le Site web. Acceptation Lorsque [&hellip;]<\/p>\n","protected":false},"author":1,"featured_media":0,"parent":0,"menu_order":0,"comment_status":"closed","ping_status":"closed","template":"","meta":{"inline_featured_image":false,"site-sidebar-layout":"no-sidebar","site-content-layout":"page-builder","ast-site-content-layout":"","site-content-style":"default","site-sidebar-style":"default","ast-global-header-display":"","ast-banner-title-visibility":"","ast-main-header-display":"","ast-hfb-above-header-display":"","ast-hfb-below-header-display":"","ast-hfb-mobile-header-display":"","site-post-title":"disabled","ast-breadcrumbs-content":"","ast-featured-img":"disabled","footer-sml-layout":"","theme-transparent-header-meta":"default","adv-header-id-meta":"","stick-header-meta":"default","header-above-stick-meta":"","header-main-stick-meta":"","header-below-stick-meta":"","astra-migrate-meta-layouts":"default","ast-page-background-enabled":"default","ast-page-background-meta":{"desktop":{"background-color":"var(--ast-global-color-4)","background-image":"","background-repeat":"repeat","background-position":"center center","background-size":"auto","background-attachment":"scroll","background-type":"","background-media":"","overlay-type":"","overlay-color":"","overlay-gradient":""},"tablet":{"background-color":"","background-image":"","background-repeat":"repeat","background-position":"center center","background-size":"auto","background-attachment":"scroll","background-type":"","background-media":"","overlay-type":"","overlay-color":"","overlay-gradient":""},"mobile":{"background-color":"","background-image":"","background-repeat":"repeat","background-position":"center center","background-size":"auto","background-attachment":"scroll","background-type":"","background-media":"","overlay-type":"","overlay-color":"","overlay-gradient":""}},"ast-content-background-meta":{"desktop":{"background-color":"var(--ast-global-color-5)","background-image":"","background-repeat":"repeat","background-position":"center center","background-size":"auto","background-attachment":"scroll","background-type":"","background-media":"","overlay-type":"","overlay-color":"","overlay-gradient":""},"tablet":{"background-color":"var(--ast-global-color-5)","background-image":"","background-repeat":"repeat","background-position":"center center","background-size":"auto","background-attachment":"scroll","background-type":"","background-media":"","overlay-type":"","overlay-color":"","overlay-gradient":""},"mobile":{"background-color":"var(--ast-global-color-5)","background-image":"","background-repeat":"repeat","background-position":"center center","background-size":"auto","background-attachment":"scroll","background-type":"","background-media":"","overlay-type":"","overlay-color":"","overlay-gradient":""}},"footnotes":""},"class_list":["post-6663","page","type-page","status-publish","hentry"],"yoast_head":"<!-- This site is optimized with the Yoast SEO plugin v22.5 - https:\/\/yoast.com\/wordpress\/plugins\/seo\/ -->\n<title>Terms of use - Exp\u00e9rience Matha<\/title>\n<meta name=\"robots\" content=\"noindex, nofollow\" \/>\n<meta property=\"og:locale\" content=\"en_US\" \/>\n<meta property=\"og:type\" content=\"article\" \/>\n<meta property=\"og:title\" content=\"Terms of use - Exp\u00e9rience Matha\" \/>\n<meta property=\"og:description\" content=\"Terms of use Derni\u00e8re mise \u00e0 jour le 13 juin 2023 Bienvenue sur le site web d&#8217;EXP\u00c9RIENCE MATHA. Les pr\u00e9sentes conditions d\u2019utilisation constituent une entente l\u00e9gale entre vous et EXP\u00c9RIENCE MATHA relativement \u00e0 l\u2019acc\u00e8s et \u00e0 l\u2019utilisation du Site web. Veuillez lire les conditions d\u2019utilisation attentivement avant de naviguer sur le Site web. Acceptation Lorsque [&hellip;]\" \/>\n<meta property=\"og:url\" content=\"https:\/\/staging.experiencematha.ca\/en\/terms-of-use\/\" \/>\n<meta property=\"og:site_name\" content=\"Exp\u00e9rience Matha\" \/>\n<meta property=\"article:publisher\" content=\"https:\/\/www.facebook.com\/golfmatha\/\" \/>\n<meta property=\"article:modified_time\" content=\"2023-09-19T17:59:06+00:00\" \/>\n<meta name=\"twitter:card\" content=\"summary_large_image\" \/>\n<meta name=\"twitter:label1\" content=\"Est. reading time\" \/>\n\t<meta name=\"twitter:data1\" content=\"3 minutes\" \/>\n<script type=\"application\/ld+json\" class=\"yoast-schema-graph\">{\"@context\":\"https:\/\/schema.org\",\"@graph\":[{\"@type\":\"WebPage\",\"@id\":\"https:\/\/staging.experiencematha.ca\/en\/terms-of-use\/\",\"url\":\"https:\/\/staging.experiencematha.ca\/en\/terms-of-use\/\",\"name\":\"Terms of use - Exp\u00e9rience Matha\",\"isPartOf\":{\"@id\":\"https:\/\/staging.experiencematha.ca\/en\/#website\"},\"datePublished\":\"2023-06-13T16:58:31+00:00\",\"dateModified\":\"2023-09-19T17:59:06+00:00\",\"breadcrumb\":{\"@id\":\"https:\/\/staging.experiencematha.ca\/en\/terms-of-use\/#breadcrumb\"},\"inLanguage\":\"en-US\",\"potentialAction\":[{\"@type\":\"ReadAction\",\"target\":[\"https:\/\/staging.experiencematha.ca\/en\/terms-of-use\/\"]}]},{\"@type\":\"BreadcrumbList\",\"@id\":\"https:\/\/staging.experiencematha.ca\/en\/terms-of-use\/#breadcrumb\",\"itemListElement\":[{\"@type\":\"ListItem\",\"position\":1,\"name\":\"Accueil\",\"item\":\"https:\/\/staging.experiencematha.ca\/en\/\"},{\"@type\":\"ListItem\",\"position\":2,\"name\":\"Terms of use\"}]},{\"@type\":\"WebSite\",\"@id\":\"https:\/\/staging.experiencematha.ca\/en\/#website\",\"url\":\"https:\/\/staging.experiencematha.ca\/en\/\",\"name\":\"Exp\u00e9rience Matha\",\"description\":\"Exp\u00e9rience Matha\",\"publisher\":{\"@id\":\"https:\/\/staging.experiencematha.ca\/en\/#organization\"},\"alternateName\":\"Exp\u00e9rience Matha\",\"potentialAction\":[{\"@type\":\"SearchAction\",\"target\":{\"@type\":\"EntryPoint\",\"urlTemplate\":\"https:\/\/staging.experiencematha.ca\/en\/?s={search_term_string}\"},\"query-input\":\"required name=search_term_string\"}],\"inLanguage\":\"en-US\"},{\"@type\":\"Organization\",\"@id\":\"https:\/\/staging.experiencematha.ca\/en\/#organization\",\"name\":\"Exp\u00e9rience Matha\",\"alternateName\":\"Exp\u00e9rience Matha\",\"url\":\"https:\/\/staging.experiencematha.ca\/en\/\",\"logo\":{\"@type\":\"ImageObject\",\"inLanguage\":\"en-US\",\"@id\":\"https:\/\/staging.experiencematha.ca\/en\/#\/schema\/logo\/image\/\",\"url\":\"https:\/\/staging.experiencematha.ca\/wp-content\/uploads\/2022\/11\/logo-matha.png\",\"contentUrl\":\"https:\/\/staging.experiencematha.ca\/wp-content\/uploads\/2022\/11\/logo-matha.png\",\"width\":668,\"height\":156,\"caption\":\"Exp\u00e9rience Matha\"},\"image\":{\"@id\":\"https:\/\/staging.experiencematha.ca\/en\/#\/schema\/logo\/image\/\"},\"sameAs\":[\"https:\/\/www.facebook.com\/golfmatha\/\",\"https:\/\/www.instagram.com\/golfmatha\/\",\"https:\/\/www.youtube.com\/@experiencematha\",\"https:\/\/www.tiktok.com\/@jonathansalvas1?lang=fr\"]}]}<\/script>\n<!-- \/ Yoast SEO plugin. -->","yoast_head_json":{"title":"Terms of use - Exp\u00e9rience Matha","robots":{"index":"noindex","follow":"nofollow"},"og_locale":"en_US","og_type":"article","og_title":"Terms of use - Exp\u00e9rience Matha","og_description":"Terms of use Derni\u00e8re mise \u00e0 jour le 13 juin 2023 Bienvenue sur le site web d&#8217;EXP\u00c9RIENCE MATHA. Les pr\u00e9sentes conditions d\u2019utilisation constituent une entente l\u00e9gale entre vous et EXP\u00c9RIENCE MATHA relativement \u00e0 l\u2019acc\u00e8s et \u00e0 l\u2019utilisation du Site web. Veuillez lire les conditions d\u2019utilisation attentivement avant de naviguer sur le Site web. Acceptation Lorsque [&hellip;]","og_url":"https:\/\/staging.experiencematha.ca\/en\/terms-of-use\/","og_site_name":"Exp\u00e9rience Matha","article_publisher":"https:\/\/www.facebook.com\/golfmatha\/","article_modified_time":"2023-09-19T17:59:06+00:00","twitter_card":"summary_large_image","twitter_misc":{"Est. reading time":"3 minutes"},"schema":{"@context":"https:\/\/schema.org","@graph":[{"@type":"WebPage","@id":"https:\/\/staging.experiencematha.ca\/en\/terms-of-use\/","url":"https:\/\/staging.experiencematha.ca\/en\/terms-of-use\/","name":"Terms of use - Exp\u00e9rience Matha","isPartOf":{"@id":"https:\/\/staging.experiencematha.ca\/en\/#website"},"datePublished":"2023-06-13T16:58:31+00:00","dateModified":"2023-09-19T17:59:06+00:00","breadcrumb":{"@id":"https:\/\/staging.experiencematha.ca\/en\/terms-of-use\/#breadcrumb"},"inLanguage":"en-US","potentialAction":[{"@type":"ReadAction","target":["https:\/\/staging.experiencematha.ca\/en\/terms-of-use\/"]}]},{"@type":"BreadcrumbList","@id":"https:\/\/staging.experiencematha.ca\/en\/terms-of-use\/#breadcrumb","itemListElement":[{"@type":"ListItem","position":1,"name":"Accueil","item":"https:\/\/staging.experiencematha.ca\/en\/"},{"@type":"ListItem","position":2,"name":"Terms of use"}]},{"@type":"WebSite","@id":"https:\/\/staging.experiencematha.ca\/en\/#website","url":"https:\/\/staging.experiencematha.ca\/en\/","name":"Exp\u00e9rience Matha","description":"Exp\u00e9rience Matha","publisher":{"@id":"https:\/\/staging.experiencematha.ca\/en\/#organization"},"alternateName":"Exp\u00e9rience Matha","potentialAction":[{"@type":"SearchAction","target":{"@type":"EntryPoint","urlTemplate":"https:\/\/staging.experiencematha.ca\/en\/?s={search_term_string}"},"query-input":"required name=search_term_string"}],"inLanguage":"en-US"},{"@type":"Organization","@id":"https:\/\/staging.experiencematha.ca\/en\/#organization","name":"Exp\u00e9rience Matha","alternateName":"Exp\u00e9rience Matha","url":"https:\/\/staging.experiencematha.ca\/en\/","logo":{"@type":"ImageObject","inLanguage":"en-US","@id":"https:\/\/staging.experiencematha.ca\/en\/#\/schema\/logo\/image\/","url":"https:\/\/staging.experiencematha.ca\/wp-content\/uploads\/2022\/11\/logo-matha.png","contentUrl":"https:\/\/staging.experiencematha.ca\/wp-content\/uploads\/2022\/11\/logo-matha.png","width":668,"height":156,"caption":"Exp\u00e9rience Matha"},"image":{"@id":"https:\/\/staging.experiencematha.ca\/en\/#\/schema\/logo\/image\/"},"sameAs":["https:\/\/www.facebook.com\/golfmatha\/","https:\/\/www.instagram.com\/golfmatha\/","https:\/\/www.youtube.com\/@experiencematha","https:\/\/www.tiktok.com\/@jonathansalvas1?lang=fr"]}]}},"_links":{"self":[{"href":"https:\/\/staging.experiencematha.ca\/en\/wp-json\/wp\/v2\/pages\/6663","targetHints":{"allow":["GET"]}}],"collection":[{"href":"https:\/\/staging.experiencematha.ca\/en\/wp-json\/wp\/v2\/pages"}],"about":[{"href":"https:\/\/staging.experiencematha.ca\/en\/wp-json\/wp\/v2\/types\/page"}],"author":[{"embeddable":true,"href":"https:\/\/staging.experiencematha.ca\/en\/wp-json\/wp\/v2\/users\/1"}],"replies":[{"embeddable":true,"href":"https:\/\/staging.experiencematha.ca\/en\/wp-json\/wp\/v2\/comments?post=6663"}],"version-history":[{"count":5,"href":"https:\/\/staging.experiencematha.ca\/en\/wp-json\/wp\/v2\/pages\/6663\/revisions"}],"predecessor-version":[{"id":7204,"href":"https:\/\/staging.experiencematha.ca\/en\/wp-json\/wp\/v2\/pages\/6663\/revisions\/7204"}],"wp:attachment":[{"href":"https:\/\/staging.experiencematha.ca\/en\/wp-json\/wp\/v2\/media?parent=6663"}],"curies":[{"name":"wp","href":"https:\/\/api.w.org\/{rel}","templated":true}]}}